{"id":24,"date":"2023-08-10T18:30:38","date_gmt":"2023-08-10T18:30:38","guid":{"rendered":"https:\/\/bacio.ee\/?page_id=24"},"modified":"2023-08-15T14:52:24","modified_gmt":"2023-08-15T14:52:24","slug":"meist","status":"publish","type":"page","link":"https:\/\/bacio.ee\/en\/meist\/","title":{"rendered":"About Us"},"content":{"rendered":"","protected":false},"excerpt":{"rendered":"","protected":false},"author":1,"featured_media":0,"parent":0,"menu_order":0,"comment_status":"closed","ping_status":"closed","template":"","meta":{"footnotes":""},"class_list":["post-24","page","type-page","status-publish","hentry"],"yoast_head":"<!-- This site is optimized with the Yoast SEO plugin v27.5 - https:\/\/yoast.com\/product\/yoast-seo-wordpress\/ -->\n<title>Meist - BACIO TALLINN<\/title>\n<meta name=\"description\" content=\"Toit on p\u00fcha, justkui k\u00fclastaksid \u00fcht t\u00f5elist Itaalia vanaema - nonnat! Soe kallistus, p\u00f5semusi ja uskumatud toidul\u00f5hnad. Need ehedad maitsed, mis viivad lapsep\u00f5lve radadele. Koht, kuhu oled alati oodatud ja kust lahkuda ei taha.Pikad vestlused, muusika, mis kostub taustal. Unustad end ja aeg m\u00f6\u00f6dub m\u00e4rkamatult. Naudid hetke, mis on magus kui musi!\" \/>\n<meta name=\"robots\" content=\"index, follow, max-snippet:-1, max-image-preview:large, max-video-preview:-1\" \/>\n<link rel=\"canonical\" href=\"https:\/\/bacio.ee\/en\/meist\/\" \/>\n<meta property=\"og:locale\" content=\"en_US\" \/>\n<meta property=\"og:type\" content=\"article\" \/>\n<meta property=\"og:title\" content=\"Meist - BACIO TALLINN\" \/>\n<meta property=\"og:description\" content=\"Toit on p\u00fcha, justkui k\u00fclastaksid \u00fcht t\u00f5elist Itaalia vanaema - nonnat! Soe kallistus, p\u00f5semusi ja uskumatud toidul\u00f5hnad. Need ehedad maitsed, mis viivad lapsep\u00f5lve radadele. Koht, kuhu oled alati oodatud ja kust lahkuda ei taha.Pikad vestlused, muusika, mis kostub taustal. Unustad end ja aeg m\u00f6\u00f6dub m\u00e4rkamatult. Naudid hetke, mis on magus kui musi!\" \/>\n<meta property=\"og:url\" content=\"https:\/\/bacio.ee\/en\/meist\/\" \/>\n<meta property=\"og:site_name\" content=\"BACIO TALLINN\" \/>\n<meta property=\"article:publisher\" content=\"https:\/\/www.facebook.com\/bacioresto\" \/>\n<meta property=\"article:modified_time\" content=\"2023-08-15T14:52:24+00:00\" \/>\n<meta name=\"twitter:card\" content=\"summary_large_image\" \/>\n<script type=\"application\/ld+json\" class=\"yoast-schema-graph\">{\"@context\":\"https:\\\/\\\/schema.org\",\"@graph\":[{\"@type\":\"WebPage\",\"@id\":\"https:\\\/\\\/bacio.ee\\\/meist\\\/\",\"url\":\"https:\\\/\\\/bacio.ee\\\/meist\\\/\",\"name\":\"Meist - BACIO TALLINN\",\"isPartOf\":{\"@id\":\"https:\\\/\\\/bacio.ee\\\/#website\"},\"datePublished\":\"2023-08-10T18:30:38+00:00\",\"dateModified\":\"2023-08-15T14:52:24+00:00\",\"description\":\"Toit on p\u00fcha, justkui k\u00fclastaksid \u00fcht t\u00f5elist Itaalia vanaema - nonnat! Soe kallistus, p\u00f5semusi ja uskumatud toidul\u00f5hnad. Need ehedad maitsed, mis viivad lapsep\u00f5lve radadele. Koht, kuhu oled alati oodatud ja kust lahkuda ei taha.Pikad vestlused, muusika, mis kostub taustal. Unustad end ja aeg m\u00f6\u00f6dub m\u00e4rkamatult. Naudid hetke, mis on magus kui musi!\",\"breadcrumb\":{\"@id\":\"https:\\\/\\\/bacio.ee\\\/meist\\\/#breadcrumb\"},\"inLanguage\":\"en-US\",\"potentialAction\":[{\"@type\":\"ReadAction\",\"target\":[\"https:\\\/\\\/bacio.ee\\\/meist\\\/\"]}]},{\"@type\":\"BreadcrumbList\",\"@id\":\"https:\\\/\\\/bacio.ee\\\/meist\\\/#breadcrumb\",\"itemListElement\":[{\"@type\":\"ListItem\",\"position\":1,\"name\":\"\u0413\u043b\u0430\u0432\u043d\u0430\u044f \u0441\u0442\u0440\u0430\u043d\u0438\u0446\u0430\",\"item\":\"https:\\\/\\\/bacio.ee\\\/\"},{\"@type\":\"ListItem\",\"position\":2,\"name\":\"Meist\"}]},{\"@type\":\"WebSite\",\"@id\":\"https:\\\/\\\/bacio.ee\\\/#website\",\"url\":\"https:\\\/\\\/bacio.ee\\\/\",\"name\":\"RESTAURANT BACIO TALLINN\",\"description\":\"BACIO - Kohvik &bull; Resto &bull; Muusika\",\"publisher\":{\"@id\":\"https:\\\/\\\/bacio.ee\\\/#organization\"},\"potentialAction\":[{\"@type\":\"SearchAction\",\"target\":{\"@type\":\"EntryPoint\",\"urlTemplate\":\"https:\\\/\\\/bacio.ee\\\/?s={search_term_string}\"},\"query-input\":{\"@type\":\"PropertyValueSpecification\",\"valueRequired\":true,\"valueName\":\"search_term_string\"}}],\"inLanguage\":\"en-US\"},{\"@type\":\"Organization\",\"@id\":\"https:\\\/\\\/bacio.ee\\\/#organization\",\"name\":\"BACIO * CAFE * RESTAURANT * MUUSIKA\",\"url\":\"https:\\\/\\\/bacio.ee\\\/\",\"logo\":{\"@type\":\"ImageObject\",\"inLanguage\":\"en-US\",\"@id\":\"https:\\\/\\\/bacio.ee\\\/#\\\/schema\\\/logo\\\/image\\\/\",\"url\":\"https:\\\/\\\/bacio.ee\\\/wp-content\\\/uploads\\\/2023\\\/08\\\/BACIO_logo_creme.png\",\"contentUrl\":\"https:\\\/\\\/bacio.ee\\\/wp-content\\\/uploads\\\/2023\\\/08\\\/BACIO_logo_creme.png\",\"width\":396,\"height\":151,\"caption\":\"BACIO * CAFE * RESTAURANT * MUUSIKA\"},\"image\":{\"@id\":\"https:\\\/\\\/bacio.ee\\\/#\\\/schema\\\/logo\\\/image\\\/\"},\"sameAs\":[\"https:\\\/\\\/www.facebook.com\\\/bacioresto\",\"https:\\\/\\\/www.instagram.com\\\/bacioresto\\\/\"]}]}<\/script>\n<!-- \/ Yoast SEO plugin. -->","yoast_head_json":{"title":"Meist - BACIO TALLINN","description":"Toit on p\u00fcha, justkui k\u00fclastaksid \u00fcht t\u00f5elist Itaalia vanaema - nonnat! Soe kallistus, p\u00f5semusi ja uskumatud toidul\u00f5hnad. Need ehedad maitsed, mis viivad lapsep\u00f5lve radadele. Koht, kuhu oled alati oodatud ja kust lahkuda ei taha.Pikad vestlused, muusika, mis kostub taustal. Unustad end ja aeg m\u00f6\u00f6dub m\u00e4rkamatult. Naudid hetke, mis on magus kui musi!","robots":{"index":"index","follow":"follow","max-snippet":"max-snippet:-1","max-image-preview":"max-image-preview:large","max-video-preview":"max-video-preview:-1"},"canonical":"https:\/\/bacio.ee\/en\/meist\/","og_locale":"en_US","og_type":"article","og_title":"Meist - BACIO TALLINN","og_description":"Toit on p\u00fcha, justkui k\u00fclastaksid \u00fcht t\u00f5elist Itaalia vanaema - nonnat! Soe kallistus, p\u00f5semusi ja uskumatud toidul\u00f5hnad. Need ehedad maitsed, mis viivad lapsep\u00f5lve radadele. Koht, kuhu oled alati oodatud ja kust lahkuda ei taha.Pikad vestlused, muusika, mis kostub taustal. Unustad end ja aeg m\u00f6\u00f6dub m\u00e4rkamatult. Naudid hetke, mis on magus kui musi!","og_url":"https:\/\/bacio.ee\/en\/meist\/","og_site_name":"BACIO TALLINN","article_publisher":"https:\/\/www.facebook.com\/bacioresto","article_modified_time":"2023-08-15T14:52:24+00:00","twitter_card":"summary_large_image","schema":{"@context":"https:\/\/schema.org","@graph":[{"@type":"WebPage","@id":"https:\/\/bacio.ee\/meist\/","url":"https:\/\/bacio.ee\/meist\/","name":"Meist - BACIO TALLINN","isPartOf":{"@id":"https:\/\/bacio.ee\/#website"},"datePublished":"2023-08-10T18:30:38+00:00","dateModified":"2023-08-15T14:52:24+00:00","description":"Toit on p\u00fcha, justkui k\u00fclastaksid \u00fcht t\u00f5elist Itaalia vanaema - nonnat! Soe kallistus, p\u00f5semusi ja uskumatud toidul\u00f5hnad. Need ehedad maitsed, mis viivad lapsep\u00f5lve radadele. Koht, kuhu oled alati oodatud ja kust lahkuda ei taha.Pikad vestlused, muusika, mis kostub taustal. Unustad end ja aeg m\u00f6\u00f6dub m\u00e4rkamatult. Naudid hetke, mis on magus kui musi!","breadcrumb":{"@id":"https:\/\/bacio.ee\/meist\/#breadcrumb"},"inLanguage":"en-US","potentialAction":[{"@type":"ReadAction","target":["https:\/\/bacio.ee\/meist\/"]}]},{"@type":"BreadcrumbList","@id":"https:\/\/bacio.ee\/meist\/#breadcrumb","itemListElement":[{"@type":"ListItem","position":1,"name":"\u0413\u043b\u0430\u0432\u043d\u0430\u044f \u0441\u0442\u0440\u0430\u043d\u0438\u0446\u0430","item":"https:\/\/bacio.ee\/"},{"@type":"ListItem","position":2,"name":"Meist"}]},{"@type":"WebSite","@id":"https:\/\/bacio.ee\/#website","url":"https:\/\/bacio.ee\/","name":"RESTAURANT BACIO TALLINN","description":"BACIO - Kohvik &bull; Resto &bull; Muusika","publisher":{"@id":"https:\/\/bacio.ee\/#organization"},"potentialAction":[{"@type":"SearchAction","target":{"@type":"EntryPoint","urlTemplate":"https:\/\/bacio.ee\/?s={search_term_string}"},"query-input":{"@type":"PropertyValueSpecification","valueRequired":true,"valueName":"search_term_string"}}],"inLanguage":"en-US"},{"@type":"Organization","@id":"https:\/\/bacio.ee\/#organization","name":"BACIO * CAFE * RESTAURANT * MUUSIKA","url":"https:\/\/bacio.ee\/","logo":{"@type":"ImageObject","inLanguage":"en-US","@id":"https:\/\/bacio.ee\/#\/schema\/logo\/image\/","url":"https:\/\/bacio.ee\/wp-content\/uploads\/2023\/08\/BACIO_logo_creme.png","contentUrl":"https:\/\/bacio.ee\/wp-content\/uploads\/2023\/08\/BACIO_logo_creme.png","width":396,"height":151,"caption":"BACIO * CAFE * RESTAURANT * MUUSIKA"},"image":{"@id":"https:\/\/bacio.ee\/#\/schema\/logo\/image\/"},"sameAs":["https:\/\/www.facebook.com\/bacioresto","https:\/\/www.instagram.com\/bacioresto\/"]}]}},"_links":{"self":[{"href":"https:\/\/bacio.ee\/en\/wp-json\/wp\/v2\/pages\/24","targetHints":{"allow":["GET"]}}],"collection":[{"href":"https:\/\/bacio.ee\/en\/wp-json\/wp\/v2\/pages"}],"about":[{"href":"https:\/\/bacio.ee\/en\/wp-json\/wp\/v2\/types\/page"}],"author":[{"embeddable":true,"href":"https:\/\/bacio.ee\/en\/wp-json\/wp\/v2\/users\/1"}],"replies":[{"embeddable":true,"href":"https:\/\/bacio.ee\/en\/wp-json\/wp\/v2\/comments?post=24"}],"version-history":[{"count":1,"href":"https:\/\/bacio.ee\/en\/wp-json\/wp\/v2\/pages\/24\/revisions"}],"predecessor-version":[{"id":25,"href":"https:\/\/bacio.ee\/en\/wp-json\/wp\/v2\/pages\/24\/revisions\/25"}],"wp:attachment":[{"href":"https:\/\/bacio.ee\/en\/wp-json\/wp\/v2\/media?parent=24"}],"curies":[{"name":"wp","href":"https:\/\/api.w.org\/{rel}","templated":true}]}}