{"id":35,"date":"2023-08-12T08:56:36","date_gmt":"2023-08-12T08:56:36","guid":{"rendered":"https:\/\/bacio.ee\/?page_id=35"},"modified":"2023-08-15T14:53:07","modified_gmt":"2023-08-15T14:53:07","slug":"privaatsundmused","status":"publish","type":"page","link":"https:\/\/bacio.ee\/en\/privaatsundmused\/","title":{"rendered":"Private events"},"content":{"rendered":"","protected":false},"excerpt":{"rendered":"","protected":false},"author":2,"featured_media":0,"parent":0,"menu_order":0,"comment_status":"closed","ping_status":"closed","template":"","meta":{"footnotes":""},"class_list":["post-35","page","type-page","status-publish","hentry"],"yoast_head":"<!-- This site is optimized with the Yoast SEO plugin v27.5 - https:\/\/yoast.com\/product\/yoast-seo-wordpress\/ -->\n<title>Privaats\u00fcndmused - BACIO TALLINN<\/title>\n<meta name=\"description\" content=\"Otsid peoruume s\u00fcnnip\u00e4evaks, j\u00f5ulupeoks, pulmaks v\u00f5i muuks t\u00e4htp\u00e4evaks? BACIOs v\u00f5\u00f5rustame privaats\u00fcndmusi kuni 150-k\u00fclalisele ning aitame Sind kogu s\u00fcndmuskorraldusega. Kirjuta oma soovidest l\u00e4hemalt ja t\u00e4hista meiega!\" \/>\n<meta name=\"robots\" content=\"index, follow, max-snippet:-1, max-image-preview:large, max-video-preview:-1\" \/>\n<link rel=\"canonical\" href=\"https:\/\/bacio.ee\/en\/privaatsundmused\/\" \/>\n<meta property=\"og:locale\" content=\"en_US\" \/>\n<meta property=\"og:type\" content=\"article\" \/>\n<meta property=\"og:title\" content=\"Privaats\u00fcndmused - BACIO TALLINN\" \/>\n<meta property=\"og:description\" content=\"Otsid peoruume s\u00fcnnip\u00e4evaks, j\u00f5ulupeoks, pulmaks v\u00f5i muuks t\u00e4htp\u00e4evaks? BACIOs v\u00f5\u00f5rustame privaats\u00fcndmusi kuni 150-k\u00fclalisele ning aitame Sind kogu s\u00fcndmuskorraldusega. Kirjuta oma soovidest l\u00e4hemalt ja t\u00e4hista meiega!\" \/>\n<meta property=\"og:url\" content=\"https:\/\/bacio.ee\/en\/privaatsundmused\/\" \/>\n<meta property=\"og:site_name\" content=\"BACIO TALLINN\" \/>\n<meta property=\"article:publisher\" content=\"https:\/\/www.facebook.com\/bacioresto\" \/>\n<meta property=\"article:modified_time\" content=\"2023-08-15T14:53:07+00:00\" \/>\n<meta name=\"twitter:card\" content=\"summary_large_image\" \/>\n<script type=\"application\/ld+json\" class=\"yoast-schema-graph\">{\"@context\":\"https:\\\/\\\/schema.org\",\"@graph\":[{\"@type\":\"WebPage\",\"@id\":\"https:\\\/\\\/bacio.ee\\\/ru\\\/privaatsundmused\\\/\",\"url\":\"https:\\\/\\\/bacio.ee\\\/ru\\\/privaatsundmused\\\/\",\"name\":\"Privaats\u00fcndmused - BACIO TALLINN\",\"isPartOf\":{\"@id\":\"https:\\\/\\\/bacio.ee\\\/#website\"},\"datePublished\":\"2023-08-12T08:56:36+00:00\",\"dateModified\":\"2023-08-15T14:53:07+00:00\",\"description\":\"Otsid peoruume s\u00fcnnip\u00e4evaks, j\u00f5ulupeoks, pulmaks v\u00f5i muuks t\u00e4htp\u00e4evaks? BACIOs v\u00f5\u00f5rustame privaats\u00fcndmusi kuni 150-k\u00fclalisele ning aitame Sind kogu s\u00fcndmuskorraldusega. Kirjuta oma soovidest l\u00e4hemalt ja t\u00e4hista meiega!\",\"breadcrumb\":{\"@id\":\"https:\\\/\\\/bacio.ee\\\/ru\\\/privaatsundmused\\\/#breadcrumb\"},\"inLanguage\":\"en-US\",\"potentialAction\":[{\"@type\":\"ReadAction\",\"target\":[\"https:\\\/\\\/bacio.ee\\\/ru\\\/privaatsundmused\\\/\"]}]},{\"@type\":\"BreadcrumbList\",\"@id\":\"https:\\\/\\\/bacio.ee\\\/ru\\\/privaatsundmused\\\/#breadcrumb\",\"itemListElement\":[{\"@type\":\"ListItem\",\"position\":1,\"name\":\"\u0413\u043b\u0430\u0432\u043d\u0430\u044f \u0441\u0442\u0440\u0430\u043d\u0438\u0446\u0430\",\"item\":\"https:\\\/\\\/bacio.ee\\\/\"},{\"@type\":\"ListItem\",\"position\":2,\"name\":\"Privaats\u00fcndmused\"}]},{\"@type\":\"WebSite\",\"@id\":\"https:\\\/\\\/bacio.ee\\\/#website\",\"url\":\"https:\\\/\\\/bacio.ee\\\/\",\"name\":\"RESTAURANT BACIO TALLINN\",\"description\":\"BACIO - Kohvik &bull; Resto &bull; Muusika\",\"publisher\":{\"@id\":\"https:\\\/\\\/bacio.ee\\\/#organization\"},\"potentialAction\":[{\"@type\":\"SearchAction\",\"target\":{\"@type\":\"EntryPoint\",\"urlTemplate\":\"https:\\\/\\\/bacio.ee\\\/?s={search_term_string}\"},\"query-input\":{\"@type\":\"PropertyValueSpecification\",\"valueRequired\":true,\"valueName\":\"search_term_string\"}}],\"inLanguage\":\"en-US\"},{\"@type\":\"Organization\",\"@id\":\"https:\\\/\\\/bacio.ee\\\/#organization\",\"name\":\"BACIO * CAFE * RESTAURANT * MUUSIKA\",\"url\":\"https:\\\/\\\/bacio.ee\\\/\",\"logo\":{\"@type\":\"ImageObject\",\"inLanguage\":\"en-US\",\"@id\":\"https:\\\/\\\/bacio.ee\\\/#\\\/schema\\\/logo\\\/image\\\/\",\"url\":\"https:\\\/\\\/bacio.ee\\\/wp-content\\\/uploads\\\/2023\\\/08\\\/BACIO_logo_creme.png\",\"contentUrl\":\"https:\\\/\\\/bacio.ee\\\/wp-content\\\/uploads\\\/2023\\\/08\\\/BACIO_logo_creme.png\",\"width\":396,\"height\":151,\"caption\":\"BACIO * CAFE * RESTAURANT * MUUSIKA\"},\"image\":{\"@id\":\"https:\\\/\\\/bacio.ee\\\/#\\\/schema\\\/logo\\\/image\\\/\"},\"sameAs\":[\"https:\\\/\\\/www.facebook.com\\\/bacioresto\",\"https:\\\/\\\/www.instagram.com\\\/bacioresto\\\/\"]}]}<\/script>\n<!-- \/ Yoast SEO plugin. -->","yoast_head_json":{"title":"Privaats\u00fcndmused - BACIO TALLINN","description":"Looking for party rooms for birthdays, Christmas parties, weddings or other anniversaries? At BACIO, we host private events for up to 150 guests and help you with all the event management. Write more about your wishes and celebrate with us!","robots":{"index":"index","follow":"follow","max-snippet":"max-snippet:-1","max-image-preview":"max-image-preview:large","max-video-preview":"max-video-preview:-1"},"canonical":"https:\/\/bacio.ee\/en\/privaatsundmused\/","og_locale":"en_US","og_type":"article","og_title":"Privaats\u00fcndmused - BACIO TALLINN","og_description":"Otsid peoruume s\u00fcnnip\u00e4evaks, j\u00f5ulupeoks, pulmaks v\u00f5i muuks t\u00e4htp\u00e4evaks? BACIOs v\u00f5\u00f5rustame privaats\u00fcndmusi kuni 150-k\u00fclalisele ning aitame Sind kogu s\u00fcndmuskorraldusega. Kirjuta oma soovidest l\u00e4hemalt ja t\u00e4hista meiega!","og_url":"https:\/\/bacio.ee\/en\/privaatsundmused\/","og_site_name":"BACIO TALLINN","article_publisher":"https:\/\/www.facebook.com\/bacioresto","article_modified_time":"2023-08-15T14:53:07+00:00","twitter_card":"summary_large_image","schema":{"@context":"https:\/\/schema.org","@graph":[{"@type":"WebPage","@id":"https:\/\/bacio.ee\/ru\/privaatsundmused\/","url":"https:\/\/bacio.ee\/ru\/privaatsundmused\/","name":"Privaats\u00fcndmused - BACIO TALLINN","isPartOf":{"@id":"https:\/\/bacio.ee\/#website"},"datePublished":"2023-08-12T08:56:36+00:00","dateModified":"2023-08-15T14:53:07+00:00","description":"Looking for party rooms for birthdays, Christmas parties, weddings or other anniversaries? At BACIO, we host private events for up to 150 guests and help you with all the event management. Write more about your wishes and celebrate with us!","breadcrumb":{"@id":"https:\/\/bacio.ee\/ru\/privaatsundmused\/#breadcrumb"},"inLanguage":"en-US","potentialAction":[{"@type":"ReadAction","target":["https:\/\/bacio.ee\/ru\/privaatsundmused\/"]}]},{"@type":"BreadcrumbList","@id":"https:\/\/bacio.ee\/ru\/privaatsundmused\/#breadcrumb","itemListElement":[{"@type":"ListItem","position":1,"name":"\u0413\u043b\u0430\u0432\u043d\u0430\u044f \u0441\u0442\u0440\u0430\u043d\u0438\u0446\u0430","item":"https:\/\/bacio.ee\/"},{"@type":"ListItem","position":2,"name":"Privaats\u00fcndmused"}]},{"@type":"WebSite","@id":"https:\/\/bacio.ee\/#website","url":"https:\/\/bacio.ee\/","name":"RESTAURANT BACIO TALLINN","description":"BACIO - Kohvik &bull; Resto &bull; Muusika","publisher":{"@id":"https:\/\/bacio.ee\/#organization"},"potentialAction":[{"@type":"SearchAction","target":{"@type":"EntryPoint","urlTemplate":"https:\/\/bacio.ee\/?s={search_term_string}"},"query-input":{"@type":"PropertyValueSpecification","valueRequired":true,"valueName":"search_term_string"}}],"inLanguage":"en-US"},{"@type":"Organization","@id":"https:\/\/bacio.ee\/#organization","name":"BACIO * CAFE * RESTAURANT * MUUSIKA","url":"https:\/\/bacio.ee\/","logo":{"@type":"ImageObject","inLanguage":"en-US","@id":"https:\/\/bacio.ee\/#\/schema\/logo\/image\/","url":"https:\/\/bacio.ee\/wp-content\/uploads\/2023\/08\/BACIO_logo_creme.png","contentUrl":"https:\/\/bacio.ee\/wp-content\/uploads\/2023\/08\/BACIO_logo_creme.png","width":396,"height":151,"caption":"BACIO * CAFE * RESTAURANT * MUUSIKA"},"image":{"@id":"https:\/\/bacio.ee\/#\/schema\/logo\/image\/"},"sameAs":["https:\/\/www.facebook.com\/bacioresto","https:\/\/www.instagram.com\/bacioresto\/"]}]}},"_links":{"self":[{"href":"https:\/\/bacio.ee\/en\/wp-json\/wp\/v2\/pages\/35","targetHints":{"allow":["GET"]}}],"collection":[{"href":"https:\/\/bacio.ee\/en\/wp-json\/wp\/v2\/pages"}],"about":[{"href":"https:\/\/bacio.ee\/en\/wp-json\/wp\/v2\/types\/page"}],"author":[{"embeddable":true,"href":"https:\/\/bacio.ee\/en\/wp-json\/wp\/v2\/users\/2"}],"replies":[{"embeddable":true,"href":"https:\/\/bacio.ee\/en\/wp-json\/wp\/v2\/comments?post=35"}],"version-history":[{"count":1,"href":"https:\/\/bacio.ee\/en\/wp-json\/wp\/v2\/pages\/35\/revisions"}],"predecessor-version":[{"id":36,"href":"https:\/\/bacio.ee\/en\/wp-json\/wp\/v2\/pages\/35\/revisions\/36"}],"wp:attachment":[{"href":"https:\/\/bacio.ee\/en\/wp-json\/wp\/v2\/media?parent=35"}],"curies":[{"name":"wp","href":"https:\/\/api.w.org\/{rel}","templated":true}]}}