{"id":30,"date":"2023-08-10T18:42:30","date_gmt":"2023-08-10T18:42:30","guid":{"rendered":"https:\/\/bacio.ee\/?page_id=30"},"modified":"2023-08-15T14:52:46","modified_gmt":"2023-08-15T14:52:46","slug":"menuu","status":"publish","type":"page","link":"https:\/\/bacio.ee\/ru\/menuu\/","title":{"rendered":"\u041c\u0435\u043d\u044e"},"content":{"rendered":"","protected":false},"excerpt":{"rendered":"","protected":false},"author":1,"featured_media":0,"parent":0,"menu_order":0,"comment_status":"closed","ping_status":"closed","template":"","meta":{"footnotes":""},"class_list":["post-30","page","type-page","status-publish","hentry"],"yoast_head":"<!-- This site is optimized with the Yoast SEO plugin v27.4 - https:\/\/yoast.com\/product\/yoast-seo-wordpress\/ -->\n<title>Men\u00fc\u00fc - BACIO TALLINN<\/title>\n<meta name=\"description\" content=\"Meie kohvik on avatud E-R kell 12-18 &amp;L-P kell 11-16, mil pakume brunchi.T\u00f6\u00f6p\u00e4eviti pakume \u00e4ril\u00f5unat kell 12-15.Meie restoran on avatud E-L kell 18-23 &amp; P 18-22.\" \/>\n<meta name=\"robots\" content=\"index, follow, max-snippet:-1, max-image-preview:large, max-video-preview:-1\" \/>\n<link rel=\"canonical\" href=\"https:\/\/bacio.ee\/ru\/menuu\/\" \/>\n<meta property=\"og:locale\" content=\"ru_RU\" \/>\n<meta property=\"og:type\" content=\"article\" \/>\n<meta property=\"og:title\" content=\"Men\u00fc\u00fc - BACIO TALLINN\" \/>\n<meta property=\"og:description\" content=\"Meie kohvik on avatud E-R kell 12-18 &amp;L-P kell 11-16, mil pakume brunchi.T\u00f6\u00f6p\u00e4eviti pakume \u00e4ril\u00f5unat kell 12-15.Meie restoran on avatud E-L kell 18-23 &amp; P 18-22.\" \/>\n<meta property=\"og:url\" content=\"https:\/\/bacio.ee\/ru\/menuu\/\" \/>\n<meta property=\"og:site_name\" content=\"BACIO TALLINN\" \/>\n<meta property=\"article:publisher\" content=\"https:\/\/www.facebook.com\/bacioresto\" \/>\n<meta property=\"article:modified_time\" content=\"2023-08-15T14:52:46+00:00\" \/>\n<meta name=\"twitter:card\" content=\"summary_large_image\" \/>\n<script type=\"application\/ld+json\" class=\"yoast-schema-graph\">{\"@context\":\"https:\\\/\\\/schema.org\",\"@graph\":[{\"@type\":\"WebPage\",\"@id\":\"https:\\\/\\\/bacio.ee\\\/menuu\\\/\",\"url\":\"https:\\\/\\\/bacio.ee\\\/menuu\\\/\",\"name\":\"Men\u00fc\u00fc - BACIO TALLINN\",\"isPartOf\":{\"@id\":\"https:\\\/\\\/bacio.ee\\\/#website\"},\"datePublished\":\"2023-08-10T18:42:30+00:00\",\"dateModified\":\"2023-08-15T14:52:46+00:00\",\"description\":\"Meie kohvik on avatud E-R kell 12-18 &L-P kell 11-16, mil pakume brunchi.T\u00f6\u00f6p\u00e4eviti pakume \u00e4ril\u00f5unat kell 12-15.Meie restoran on avatud E-L kell 18-23 & P 18-22.\",\"breadcrumb\":{\"@id\":\"https:\\\/\\\/bacio.ee\\\/menuu\\\/#breadcrumb\"},\"inLanguage\":\"ru-RU\",\"potentialAction\":[{\"@type\":\"ReadAction\",\"target\":[\"https:\\\/\\\/bacio.ee\\\/menuu\\\/\"]}]},{\"@type\":\"BreadcrumbList\",\"@id\":\"https:\\\/\\\/bacio.ee\\\/menuu\\\/#breadcrumb\",\"itemListElement\":[{\"@type\":\"ListItem\",\"position\":1,\"name\":\"\u0413\u043b\u0430\u0432\u043d\u0430\u044f \u0441\u0442\u0440\u0430\u043d\u0438\u0446\u0430\",\"item\":\"https:\\\/\\\/bacio.ee\\\/\"},{\"@type\":\"ListItem\",\"position\":2,\"name\":\"Men\u00fc\u00fc\"}]},{\"@type\":\"WebSite\",\"@id\":\"https:\\\/\\\/bacio.ee\\\/#website\",\"url\":\"https:\\\/\\\/bacio.ee\\\/\",\"name\":\"RESTAURANT BACIO TALLINN\",\"description\":\"BACIO - Kohvik &bull; Resto &bull; Muusika\",\"publisher\":{\"@id\":\"https:\\\/\\\/bacio.ee\\\/#organization\"},\"potentialAction\":[{\"@type\":\"SearchAction\",\"target\":{\"@type\":\"EntryPoint\",\"urlTemplate\":\"https:\\\/\\\/bacio.ee\\\/?s={search_term_string}\"},\"query-input\":{\"@type\":\"PropertyValueSpecification\",\"valueRequired\":true,\"valueName\":\"search_term_string\"}}],\"inLanguage\":\"ru-RU\"},{\"@type\":\"Organization\",\"@id\":\"https:\\\/\\\/bacio.ee\\\/#organization\",\"name\":\"BACIO * CAFE * RESTAURANT * MUUSIKA\",\"url\":\"https:\\\/\\\/bacio.ee\\\/\",\"logo\":{\"@type\":\"ImageObject\",\"inLanguage\":\"ru-RU\",\"@id\":\"https:\\\/\\\/bacio.ee\\\/#\\\/schema\\\/logo\\\/image\\\/\",\"url\":\"https:\\\/\\\/bacio.ee\\\/wp-content\\\/uploads\\\/2023\\\/08\\\/BACIO_logo_creme.png\",\"contentUrl\":\"https:\\\/\\\/bacio.ee\\\/wp-content\\\/uploads\\\/2023\\\/08\\\/BACIO_logo_creme.png\",\"width\":396,\"height\":151,\"caption\":\"BACIO * CAFE * RESTAURANT * MUUSIKA\"},\"image\":{\"@id\":\"https:\\\/\\\/bacio.ee\\\/#\\\/schema\\\/logo\\\/image\\\/\"},\"sameAs\":[\"https:\\\/\\\/www.facebook.com\\\/bacioresto\",\"https:\\\/\\\/www.instagram.com\\\/bacioresto\\\/\"]}]}<\/script>\n<!-- \/ Yoast SEO plugin. -->","yoast_head_json":{"title":"Men\u00fc\u00fc - BACIO TALLINN","description":"Meie kohvik on avatud E-R kell 12-18 &L-P kell 11-16, mil pakume brunchi.T\u00f6\u00f6p\u00e4eviti pakume \u00e4ril\u00f5unat kell 12-15.Meie restoran on avatud E-L kell 18-23 & P 18-22.","robots":{"index":"index","follow":"follow","max-snippet":"max-snippet:-1","max-image-preview":"max-image-preview:large","max-video-preview":"max-video-preview:-1"},"canonical":"https:\/\/bacio.ee\/ru\/menuu\/","og_locale":"ru_RU","og_type":"article","og_title":"Men\u00fc\u00fc - BACIO TALLINN","og_description":"Meie kohvik on avatud E-R kell 12-18 &L-P kell 11-16, mil pakume brunchi.T\u00f6\u00f6p\u00e4eviti pakume \u00e4ril\u00f5unat kell 12-15.Meie restoran on avatud E-L kell 18-23 & P 18-22.","og_url":"https:\/\/bacio.ee\/ru\/menuu\/","og_site_name":"BACIO TALLINN","article_publisher":"https:\/\/www.facebook.com\/bacioresto","article_modified_time":"2023-08-15T14:52:46+00:00","twitter_card":"summary_large_image","schema":{"@context":"https:\/\/schema.org","@graph":[{"@type":"WebPage","@id":"https:\/\/bacio.ee\/menuu\/","url":"https:\/\/bacio.ee\/menuu\/","name":"Men\u00fc\u00fc - BACIO TALLINN","isPartOf":{"@id":"https:\/\/bacio.ee\/#website"},"datePublished":"2023-08-10T18:42:30+00:00","dateModified":"2023-08-15T14:52:46+00:00","description":"Meie kohvik on avatud E-R kell 12-18 &L-P kell 11-16, mil pakume brunchi.T\u00f6\u00f6p\u00e4eviti pakume \u00e4ril\u00f5unat kell 12-15.Meie restoran on avatud E-L kell 18-23 & P 18-22.","breadcrumb":{"@id":"https:\/\/bacio.ee\/menuu\/#breadcrumb"},"inLanguage":"ru-RU","potentialAction":[{"@type":"ReadAction","target":["https:\/\/bacio.ee\/menuu\/"]}]},{"@type":"BreadcrumbList","@id":"https:\/\/bacio.ee\/menuu\/#breadcrumb","itemListElement":[{"@type":"ListItem","position":1,"name":"\u0413\u043b\u0430\u0432\u043d\u0430\u044f \u0441\u0442\u0440\u0430\u043d\u0438\u0446\u0430","item":"https:\/\/bacio.ee\/"},{"@type":"ListItem","position":2,"name":"Men\u00fc\u00fc"}]},{"@type":"WebSite","@id":"https:\/\/bacio.ee\/#website","url":"https:\/\/bacio.ee\/","name":"RESTAURANT BACIO TALLINN","description":"BACIO - Kohvik &bull; Resto &bull; Muusika","publisher":{"@id":"https:\/\/bacio.ee\/#organization"},"potentialAction":[{"@type":"SearchAction","target":{"@type":"EntryPoint","urlTemplate":"https:\/\/bacio.ee\/?s={search_term_string}"},"query-input":{"@type":"PropertyValueSpecification","valueRequired":true,"valueName":"search_term_string"}}],"inLanguage":"ru-RU"},{"@type":"Organization","@id":"https:\/\/bacio.ee\/#organization","name":"BACIO * CAFE * RESTAURANT * MUUSIKA","url":"https:\/\/bacio.ee\/","logo":{"@type":"ImageObject","inLanguage":"ru-RU","@id":"https:\/\/bacio.ee\/#\/schema\/logo\/image\/","url":"https:\/\/bacio.ee\/wp-content\/uploads\/2023\/08\/BACIO_logo_creme.png","contentUrl":"https:\/\/bacio.ee\/wp-content\/uploads\/2023\/08\/BACIO_logo_creme.png","width":396,"height":151,"caption":"BACIO * CAFE * RESTAURANT * MUUSIKA"},"image":{"@id":"https:\/\/bacio.ee\/#\/schema\/logo\/image\/"},"sameAs":["https:\/\/www.facebook.com\/bacioresto","https:\/\/www.instagram.com\/bacioresto\/"]}]}},"_links":{"self":[{"href":"https:\/\/bacio.ee\/ru\/wp-json\/wp\/v2\/pages\/30","targetHints":{"allow":["GET"]}}],"collection":[{"href":"https:\/\/bacio.ee\/ru\/wp-json\/wp\/v2\/pages"}],"about":[{"href":"https:\/\/bacio.ee\/ru\/wp-json\/wp\/v2\/types\/page"}],"author":[{"embeddable":true,"href":"https:\/\/bacio.ee\/ru\/wp-json\/wp\/v2\/users\/1"}],"replies":[{"embeddable":true,"href":"https:\/\/bacio.ee\/ru\/wp-json\/wp\/v2\/comments?post=30"}],"version-history":[{"count":1,"href":"https:\/\/bacio.ee\/ru\/wp-json\/wp\/v2\/pages\/30\/revisions"}],"predecessor-version":[{"id":31,"href":"https:\/\/bacio.ee\/ru\/wp-json\/wp\/v2\/pages\/30\/revisions\/31"}],"wp:attachment":[{"href":"https:\/\/bacio.ee\/ru\/wp-json\/wp\/v2\/media?parent=30"}],"curies":[{"name":"wp","href":"https:\/\/api.w.org\/{rel}","templated":true}]}}